{"id":5192,"date":"2025-06-18T15:54:06","date_gmt":"2025-06-18T07:54:06","guid":{"rendered":"https:\/\/www.ceshi.homes\/?page_id=5192"},"modified":"2025-06-25T11:21:25","modified_gmt":"2025-06-25T03:21:25","slug":"politica-de-privacidad","status":"publish","type":"page","link":"https:\/\/www.motomaxsfr.com\/es\/politica-de-privacidad\/","title":{"rendered":"Pol\u00edtica de privacidad"},"content":{"rendered":"<section class=\"wp-block-themepark-block-themepark-area block_layout thempark-block undefined\" id=\"\" style=\"padding-bottom:60px;padding-top:120px;\" data-swiper-parallax=\"-700\"><div class=\"block_layout_in\" style=\"\">\n<div class=\"wp-block-column block_layout_in\">\n<div class=\"wp-block-themepark-block-themepark-wright content-super-p\" style=\"font-size:13px;line-height:23px;color:#666666;padding:10px 10px;\">\n<div class=\"wp-block-column\">\n<h2 class=\"wp-block-heading has-medium-font-size\">Pol\u00edtica de privacidad<\/h2>\n\n\n\n<div style=\"height:45px\" aria-hidden=\"true\" class=\"wp-block-spacer\"><\/div>\n\n\n\n<p>En Motomaxsfr.com, valoramos su privacidad y nos comprometemos a proteger su informaci\u00f3n personal. Esta Pol\u00edtica de privacidad explica c\u00f3mo recopilamos, utilizamos y compartimos sus datos personales cuando visita nuestro sitio web, compra nuestros productos o interact\u00faa con nosotros.<\/p>\n\n\n\n<div style=\"height:45px\" aria-hidden=\"true\" class=\"wp-block-spacer\"><\/div>\n\n\n\n<p>1. Introducci\u00f3n<\/p>\n\n\n\n<p>Entendemos la importancia de la privacidad y estamos comprometidos con la transparencia en nuestras pr\u00e1cticas de datos. Esta pol\u00edtica de privacidad se aplica a todos los usuarios del sitio web, incluidos, entre otros, los clientes, los visitantes y las personas que se pongan en contacto con nosotros.<\/p>\n\n\n\n<p>2. Informaci\u00f3n personal que recopilamos<\/p>\n\n\n\n<p>Recogemos informaci\u00f3n personal de varias formas, entre ellas:<\/p>\n\n\n\n<ul class=\"wp-block-list\">\n<li>Registro de cuenta: Cuando crea una cuenta, recopilamos su nombre, direcci\u00f3n de correo electr\u00f3nico, contrase\u00f1a y otra informaci\u00f3n que nos proporcione.<\/li>\n\n\n\n<li>Pedidos y pagos: Recopilamos su nombre, direcci\u00f3n, n\u00famero de tel\u00e9fono e informaci\u00f3n de pago para procesar pedidos y proporcionar servicio al cliente.<\/li>\n\n\n\n<li>Formularios de contacto: Cuando env\u00eda un formulario de contacto, recopilamos su nombre, direcci\u00f3n de correo electr\u00f3nico y contenido del mensaje.<\/li>\n\n\n\n<li>Cookies y seguimiento: Utilizamos cookies, balizas web y otras tecnolog\u00edas de seguimiento para recopilar informaci\u00f3n sobre su comportamiento de navegaci\u00f3n, dispositivo y ubicaci\u00f3n.<\/li>\n\n\n\n<li>Redes sociales: Si interact\u00faa con nosotros en los medios sociales, podemos recopilar la informaci\u00f3n y el contenido de su perfil.<\/li>\n<\/ul>\n\n\n\n<p>3. Objetivos de la recaudaci\u00f3n<\/p>\n\n\n\n<p>Utilizamos su informaci\u00f3n personal para los siguientes fines:<\/p>\n\n\n\n<ul class=\"wp-block-list\">\n<li>Cumplimiento de pedidos: Para procesar y entregar sus pedidos.<\/li>\n\n\n\n<li>Atenci\u00f3n al cliente: Para responder a sus consultas, prestar asistencia y resolver problemas.<\/li>\n\n\n\n<li>Marketing: Para enviarle material promocional, boletines informativos y actualizaciones de productos.<\/li>\n\n\n\n<li>Mejora: Para analizar y mejorar nuestro Sitio Web, productos y servicios.<\/li>\n\n\n\n<li>Cumplimiento: Cumplir las obligaciones legales, los reglamentos y las normas del sector.<\/li>\n<\/ul>\n\n\n\n<p>4. Compartir informaci\u00f3n personal<\/p>\n\n\n\n<p>Podemos compartir su informaci\u00f3n personal con<\/p>\n\n\n\n<ul class=\"wp-block-list\">\n<li>Proveedores de servicios: Empresas que nos ayudan con el cumplimiento de pedidos, procesamiento de pagos y servicio al cliente.<\/li>\n\n\n\n<li>Afiliadas: Nuestras filiales y subsidiarias con fines comerciales.<\/li>\n\n\n\n<li>Socios: Socios que nos ayudan a prestar servicios, como env\u00edos y log\u00edstica.<\/li>\n\n\n\n<li>Cumplimiento de la ley: Por imperativo legal, citaci\u00f3n u orden judicial.<\/li>\n\n\n\n<li>Sucesores: En caso de fusi\u00f3n, adquisici\u00f3n o venta de nuestra empresa.<\/li>\n<\/ul>\n\n\n\n<p>5. 5. Protecci\u00f3n de datos<\/p>\n\n\n\n<p>Aplicamos medidas de seguridad razonables para proteger sus datos personales contra el acceso, la divulgaci\u00f3n o la destrucci\u00f3n no autorizados. Sin embargo, ninguna medida de seguridad es infalible y no podemos garantizar la seguridad de sus datos.<\/p>\n\n\n\n<p>6. Conservaci\u00f3n de datos<\/p>\n\n\n\n<p>Conservamos sus datos personales durante el tiempo necesario para cumplir nuestros fines, cumplir con las obligaciones legales o resolver litigios. Eliminaremos o anonimizaremos sus datos cuando ya no sean necesarios.<\/p>\n\n\n\n<p>7. Sus derechos<\/p>\n\n\n\n<p>Tienes derecho a:<\/p>\n\n\n\n<ul class=\"wp-block-list\">\n<li>Acceso: Solicitar una copia de sus datos personales.<\/li>\n\n\n\n<li>Corregir: Actualice o corrija su informaci\u00f3n personal.<\/li>\n\n\n\n<li>Suprimir: Solicitar la eliminaci\u00f3n de su informaci\u00f3n personal.<\/li>\n\n\n\n<li>Oponerse: Oponerse a que tratemos sus datos personales.<\/li>\n\n\n\n<li>Restringir: Restringir el tratamiento de sus datos personales.<\/li>\n\n\n\n<li>Portabilidad: Solicitar la transferencia de sus datos personales a otro responsable del tratamiento.<\/li>\n<\/ul>\n\n\n\n<p>8. Cookies y rastreo<\/p>\n\n\n\n<p>Utilizamos cookies y tecnolog\u00edas de seguimiento para:<\/p>\n\n\n\n<ul class=\"wp-block-list\">\n<li>Mejorar la experiencia del usuario: Proporcione una experiencia personalizada y recuerde sus preferencias.<\/li>\n\n\n\n<li>Anal\u00edtica: Analizar el uso del Sitio Web y mejorar nuestros servicios.<\/li>\n\n\n\n<li>Publicidad: Ofrezca anuncios espec\u00edficos.<\/li>\n<\/ul>\n\n\n\n<p>Puede gestionar sus preferencias de cookies a trav\u00e9s de la configuraci\u00f3n de su navegador o rechazar la publicidad dirigida a trav\u00e9s de la Digital Advertising Alliance.<\/p>\n\n\n\n<p>9. Servicios de terceros<\/p>\n\n\n\n<p>Nuestro sitio web puede integrarse con servicios de terceros, como redes sociales, pasarelas de pago y herramientas de an\u00e1lisis. Estos servicios pueden recopilar y utilizar su informaci\u00f3n personal de acuerdo con sus propias pol\u00edticas de privacidad.<\/p>\n\n\n\n<p>10. Privacidad de los ni\u00f1os<\/p>\n\n\n\n<p>Nuestro sitio web no est\u00e1 destinado a ni\u00f1os menores de 13 a\u00f1os. No recopilamos conscientemente informaci\u00f3n personal de ni\u00f1os y cumplimos con la Ley de Protecci\u00f3n de la Privacidad Infantil en Internet (COPPA).<\/p>\n\n\n\n<p>11. Transferencias internacionales de datos<\/p>\n\n\n\n<p>Podemos transferir su informaci\u00f3n personal a trav\u00e9s de las fronteras a pa\u00edses con diferentes leyes de protecci\u00f3n de datos. Garantizaremos una protecci\u00f3n adecuada de sus datos de conformidad con la legislaci\u00f3n aplicable.<\/p>\n\n\n\n<p>12. Notificaci\u00f3n de violaci\u00f3n de datos<\/p>\n\n\n\n<p>En caso de violaci\u00f3n de los datos, se lo notificaremos a usted y a las autoridades competentes en un plazo de 7 d\u00edas y tomaremos medidas razonables para mitigar la violaci\u00f3n.<\/p>\n\n\n\n<p>13. Cumplimiento de la legislaci\u00f3n<\/p>\n\n\n\n<p>Cumplimos las leyes de protecci\u00f3n de datos aplicables, incluido el Reglamento General de Protecci\u00f3n de Datos (GDPR), la Ley de Privacidad del Consumidor de California (CCPA) y la Ley de Portabilidad y Responsabilidad del Seguro M\u00e9dico (HIPAA).<\/p>\n\n\n\n<p>14. Cambios en esta pol\u00edtica<\/p>\n\n\n\n<p>Nos reservamos el derecho a modificar esta Pol\u00edtica de Privacidad en cualquier momento. Su uso continuado del Sitio Web constituye la aceptaci\u00f3n de la Pol\u00edtica revisada.<\/p>\n\n\n\n<p>15. Contacto<\/p>\n\n\n\n<p>Si tiene alguna pregunta, duda o solicitud en relaci\u00f3n con su informaci\u00f3n personal, por favor\u00a0<a href=\"https:\/\/www.motomaxsfr.com\/es\/contacto\/\">Contacto<\/a>.<\/p>\n\n\n\n<p>16. Residentes en California<\/p>\n\n\n\n<p>Si reside en California, tiene derecho a solicitar informaci\u00f3n sobre la divulgaci\u00f3n de informaci\u00f3n personal a terceros con fines de marketing directo. P\u00f3ngase en contacto con nosotros para ejercer este derecho.<\/p>\n\n\n\n<p>17. Residentes de la UE<\/p>\n\n\n\n<p>Si reside en la UE, tiene derecho a presentar una reclamaci\u00f3n ante una autoridad de control si cree que hemos vulnerado sus derechos de protecci\u00f3n de datos.<\/p>\n\n\n\n<p>18. Informaci\u00f3n sanitaria<\/p>\n\n\n\n<p>Como proveedor de productos de materias primas relacionadas con la alimentaci\u00f3n, podemos recopilar informaci\u00f3n relacionada con la salud. Cumplimos la HIPAA y las leyes aplicables para proteger su informaci\u00f3n sanitaria confidencial.<\/p>\n\n\n\n<p>19. Medidas de seguridad<\/p>\n\n\n\n<p>Aplicamos medidas de seguridad razonables para proteger sus datos personales, entre ellas:<\/p>\n\n\n\n<ul class=\"wp-block-list\">\n<li>Cifrado: Utilizamos encriptaci\u00f3n SSL para proteger la transmisi\u00f3n de datos.<\/li>\n\n\n\n<li>Controles de acceso: Limitamos el acceso al personal autorizado.<\/li>\n\n\n\n<li>Copia de seguridad de datos: Hacemos copias de seguridad peri\u00f3dicas de tus datos para evitar p\u00e9rdidas.<\/li>\n<\/ul>\n\n\n\n<p>20. Respuesta al incumplimiento<\/p>\n\n\n\n<p>En caso de violaci\u00f3n de los datos, lo haremos:<\/p>\n\n\n\n<ul class=\"wp-block-list\">\n<li>Notificar: Informarle a usted y a las autoridades pertinentes en un plazo de 7 d\u00edas.<\/li>\n\n\n\n<li>Contener: Contener la brecha e impedir nuevos accesos no autorizados.<\/li>\n\n\n\n<li>Erradicar: Eliminar la causa de la brecha.<\/li>\n\n\n\n<li>Recuperar: Restaurar datos y sistemas.<\/li>\n\n\n\n<li>Lecciones aprendidas: Aplicar cambios para evitar infracciones similares.<\/li>\n<\/ul>\n\n\n\n<p>21. 21. Responsable de la protecci\u00f3n de datos<\/p>\n\n\n\n<p>Nuestro Responsable de Protecci\u00f3n de Datos es responsable de garantizar el cumplimiento de esta Pol\u00edtica de Privacidad y de la legislaci\u00f3n aplicable en materia de protecci\u00f3n de datos. Puede ponerse en contacto con nuestro RPD en&nbsp;<a href=\"https:\/\/mail.google.com\/mail\/?view=cm&amp;to=motomax@sfrchain.com\" target=\"_blank\" rel=\"noopener\">motomax@sfrchain.com<\/a><\/p>\n\n\n\n<p>22. Seguridad de los productos<\/p>\n\n\n\n<p>Podemos recopilar y utilizar su informaci\u00f3n personal para garantizar el uso seguro y adecuado de nuestros productos. Usted reconoce haber le\u00eddo y comprendido las precauciones y directrices de seguridad proporcionadas en el sitio web.<\/p>\n\n\n\n<p>23. Consentimiento<\/p>\n\n\n\n<p>Al utilizar el sitio web, usted acepta que recopilemos, utilicemos y compartamos su informaci\u00f3n personal tal y como se describe en esta Pol\u00edtica de privacidad.<\/p>\n\n\n\n<p>24. Derecho aplicable<\/p>\n\n\n\n<p>La presente Pol\u00edtica de Privacidad se regir\u00e1 e interpretar\u00e1 de conformidad con la legislaci\u00f3n de los Estados Unidos de Am\u00e9rica.<\/p>\n\n\n\n<p>Al utilizar el sitio web, usted reconoce que ha le\u00eddo, entendido y aceptado esta Pol\u00edtica de Privacidad. Si no est\u00e1 de acuerdo, no utilice el sitio web.<\/p>\n\n\n\n<div style=\"height:40px\" aria-hidden=\"true\" class=\"wp-block-spacer\"><\/div>\n\n\n\n<section class=\"wp-block-themepark-block-themepark-listul thempark-block list_ul_box_out  Effect0 undefined\" style=\"padding-bottom:20px;padding-top:20px;undefined\" swlist=\"1\" progresseffect=\"0\" autoplays=\"3\" line=\"1\" loops=\"no\"><div class=\"swiper-container showslidebox_out  listpadings\"><div class=\"swiper-wrapper\"><div class=\"swiper-slide listul_box\" style=\"\"><a class=\"listul_box_img\" style=\"\"><div style=\"\" class=\"listulpic\"><img loading=\"lazy\" decoding=\"async\" class=\"swiper-lazy swiper-move-lazy lazyload\" data-src=\"https:\/\/www.motomaxsfr.com\/wp-content\/uploads\/MOTOMAX-2.png\" src=\"https:\/\/www.motomaxsfr.com\/wp-content\/themes\/smartenterprise-child\/images\/loading3.png\" alt=\"\" width=\"300\" height=\"300\"\/><\/div><\/a><\/div><\/div><div class=\"pagination MovePnly\"><\/div><\/div><\/section>\n<\/div>\n<\/div>\n<\/div>\n<\/div><div class=\"layout_badh\"><\/div><\/section>","protected":false},"excerpt":{"rendered":"","protected":false},"author":1,"featured_media":0,"parent":0,"menu_order":0,"comment_status":"closed","ping_status":"closed","template":"","meta":{"_acf_changed":false,"themepark_post_bcolor":"#ffffff","themepark_post_width":"100%","themepark_post_img":"","themepark_post_img_po":"left","themepark_post_img_re":false,"themepark_post_img_cover":false,"themepark_post_img_fixed":false,"themepark_post_hide_title":true,"themepark_post_main_b":"","themepark_post_main_p":100,"themepark_paddingblock":true,"footnotes":""},"class_list":["post-5192","page","type-page","status-publish","hentry"],"acf":[],"_links":{"self":[{"href":"https:\/\/www.motomaxsfr.com\/es\/wp-json\/wp\/v2\/pages\/5192","targetHints":{"allow":["GET"]}}],"collection":[{"href":"https:\/\/www.motomaxsfr.com\/es\/wp-json\/wp\/v2\/pages"}],"about":[{"href":"https:\/\/www.motomaxsfr.com\/es\/wp-json\/wp\/v2\/types\/page"}],"author":[{"embeddable":true,"href":"https:\/\/www.motomaxsfr.com\/es\/wp-json\/wp\/v2\/users\/1"}],"replies":[{"embeddable":true,"href":"https:\/\/www.motomaxsfr.com\/es\/wp-json\/wp\/v2\/comments?post=5192"}],"version-history":[{"count":10,"href":"https:\/\/www.motomaxsfr.com\/es\/wp-json\/wp\/v2\/pages\/5192\/revisions"}],"predecessor-version":[{"id":5236,"href":"https:\/\/www.motomaxsfr.com\/es\/wp-json\/wp\/v2\/pages\/5192\/revisions\/5236"}],"wp:attachment":[{"href":"https:\/\/www.motomaxsfr.com\/es\/wp-json\/wp\/v2\/media?parent=5192"}],"curies":[{"name":"wp","href":"https:\/\/api.w.org\/{rel}","templated":true}]}}